{"id":2,"date":"2022-07-22T08:45:01","date_gmt":"2022-07-22T08:45:01","guid":{"rendered":"https:\/\/hardcore-mirzakhani.82-220-38-86.plesk.page\/?page_id=2"},"modified":"2022-08-09T05:46:26","modified_gmt":"2022-08-09T05:46:26","slug":"sample-page","status":"publish","type":"page","link":"https:\/\/t-finanz.at\/","title":{"rendered":"Startseite"},"content":{"rendered":"\n<section id=\"gm2c90283\" class=\"wp-block-gutentor-m3 section-gm2c90283 gutentor-module gutentor-container-cover has-image-bg has-custom-bg has-gutentor-overlay g-valign-c-mobile g-valign-c-tablet g-valign-c-desktop\"><div class=\"grid-container\">\n<h2 class=\"has-text-align-center has-nv-site-bg-color has-text-color wp-block-heading\"><strong>UNABH\u00c4NGIG<\/strong><br><strong>KOMPETENT<\/strong><br><strong>KUNDENORIENTIERT<\/strong><\/h2>\n<\/div><\/section>\n\n\n\n<section id=\"gma598038\" class=\"wp-block-gutentor-m3 section-gma598038 gutentor-module gutentor-container-cover has-color-bg has-custom-bg has-gutentor-overlay\"><div class=\"grid-container\">\n<div style=\"height:56px\" aria-hidden=\"true\" class=\"wp-block-spacer\"><\/div>\n\n\n\n<h3 class=\"has-nv-site-bg-color has-text-color wp-block-heading\">UNABH\u00c4NGIG<\/h3>\n\n\n\n<p class=\"has-nv-site-bg-color has-text-color\">Wir sind keiner Bank, Versicherungs- oder Fondsgesellschaft verpflichtet. Diese Institute sind lediglich unsere Produktelieferanten und Partner, die nach Pr\u00fcfung und Vergleich von angebotenen Konditionen und Leistungen in unser Konzept aufgenommen werden. Wir arbeiten streng nach dem Best Advice Prinzip \u2013 der beste Anbieter ist unser Partner!<\/p>\n\n\n\n<h3 class=\"has-nv-site-bg-color has-text-color wp-block-heading\">KOMPETENT<\/h3>\n\n\n\n<p class=\"has-nv-site-bg-color has-text-color\">Durch beinahe 20-j\u00e4hrige Berufserfahrung und st\u00e4ndiger Weiterbildung sind wir bestrebt, nach eingehender Analyse der pers\u00f6nlichen Situation die optimale L\u00f6sung f\u00fcr unsere Klienten zu erarbeiten.<\/p>\n\n\n\n<h3 class=\"has-nv-site-bg-color has-text-color wp-block-heading\">KUNDENORIENTIERT<\/h3>\n\n\n\n<p class=\"has-nv-site-bg-color has-text-color\">Die wichtigste Person f\u00fcr uns ist der KUNDE. Wir versuchen ohne Fachchinesisch dem Kunden unser Wissen weiterzugeben und in seinem Auftrag die beste L\u00f6sung mit Banken, Versicherungen und Fondsgesellschaften zu erarbeiten. Wir streben eine lebenslange Kundenbeziehung an, denn nicht der Abschluss ist entscheidend sondern die laufende Betreuung.<\/p>\n\n\n\n<div style=\"height:56px\" aria-hidden=\"true\" class=\"wp-block-spacer\"><\/div>\n<\/div><\/section>\n\n\n\n<section id=\"gm1fc96fe\" class=\"wp-block-gutentor-m3 section-gm1fc96fe gutentor-module gutentor-container-cover has-image-bg has-custom-bg has-gutentor-overlay g-valign-c-mobile g-valign-c-tablet g-valign-c-desktop\"><div class=\"grid-container\">\n<h2 class=\"has-text-align-center has-nv-site-bg-color has-text-color wp-block-heading\">DIE SPEZIALISTEN<br><strong><strong>F\u00dcR IHRE FINANZIERUNG<\/strong><\/strong><\/h2>\n<\/div><\/section>\n\n\n<section class=\"section-gpc4598d3 gutentor-post-module gutentor-post-module-p2 gutentor-post-4 alignfull gutentor-template-9 wp-block-gutentor-p2  has-color-bg has-custom-bg\" id=\"gpc4598d3\" >\n<div class='grid-container'><div class='grid-row'><div class='grid-lg-8 grid-md-8 grid-12'><div class='grid-row'><div class='grid-lg-6 grid-md-6 grid-12'><article class='gutentor-post gtf-item-wrap gutentor-post-item-0 gtf-item-0'><div class='gutentor-post-item gtf-item'><div class='gutentor-bg-image gtf-bg-image gutentor-post-height gtf-item-height gutentor-overlay g-overlay g-link-enabled  g-pos-bottom-cont-m g-pos-bottom-cont-t g-pos-bottom-cont-d' style=\"background-image:url(https:\/\/t-finanz.at\/wp-content\/uploads\/2022\/07\/AdobeStock_61194863.jpeg)\"><div class=\"gutentor-post-content gtf-content\"><div class=\"gutentor-entry-meta gutentor-entry-meta-primary\"><\/div><h3 class=\"gutentor-post-title\"><a href=\"https:\/\/t-finanz.at\/?p=137\" rel=\"bookmark\">Eigentumswohnungen<\/a><\/h3><div class=\"gutentor-post-desc\">Eigentumswohnungen im Bezirk Krems Stadt:\n\n\n\nIn der Stadt Krems sind in den letzten Jahren immer meh&hellip;<\/div><\/div> <a class=\"gutentor-link\" href=\"https:\/\/t-finanz.at\/?p=137\"  rel=\"noopener noreferrer\"><\/a><\/div><\/div><\/article><\/div><div class='grid-lg-6 grid-md-6 grid-12'><article class='gutentor-post gtf-item-wrap gutentor-post-item-1 gtf-item-1'><div class='gutentor-post-item gtf-item'><div class='gutentor-bg-image gtf-bg-image gutentor-post-height gtf-item-height gutentor-overlay g-overlay g-link-enabled  g-pos-bottom-cont-m g-pos-bottom-cont-t g-pos-bottom-cont-d' style=\"background-image:url(https:\/\/t-finanz.at\/wp-content\/uploads\/2022\/08\/Screenshot_54.png)\"><div class=\"gutentor-post-content gtf-content\"><div class=\"gutentor-entry-meta gutentor-entry-meta-primary\"><\/div><h3 class=\"gutentor-post-title\"><a href=\"https:\/\/t-finanz.at\/?p=139\" rel=\"bookmark\">Nieder\u00f6sterreich Wohnungsverk\u00e4ufe<br>2021: neuer Mengenrekord<\/a><\/h3><div class=\"gutentor-post-desc\">Im Einfamilienhausbundesland Nieder\u00f6sterreich ist ein wesentlicher Teil des Wohnungsmarktes rundum W&hellip;<\/div><\/div> <a class=\"gutentor-link\" href=\"https:\/\/t-finanz.at\/?p=139\"  rel=\"noopener noreferrer\"><\/a><\/div><\/div><\/article><\/div><div class='grid-lg-12 grid-md-12 grid-12'><article class='gutentor-post gtf-item-wrap gutentor-post-item-2 gtf-item-2'><div class='gutentor-post-item gtf-item'><div class='gutentor-bg-image gtf-bg-image gutentor-post-height gtf-item-height gutentor-overlay g-overlay g-link-enabled  g-pos-bottom-cont-m g-pos-bottom-cont-t g-pos-bottom-cont-d' style=\"background-image:url(https:\/\/t-finanz.at\/wp-content\/uploads\/2022\/08\/AdobeStock_269393437.jpeg)\"><div class=\"gutentor-post-content gtf-content\"><div class=\"gutentor-entry-meta gutentor-entry-meta-primary\"><\/div><h3 class=\"gutentor-post-title\"><a href=\"https:\/\/t-finanz.at\/?p=123\" rel=\"bookmark\">GESAMT\u00dcBERBLICK \u00dcBER DEN \u00d6STERREICHISCHEN EINFAMILIENHAUSMARKT 2021<\/a><\/h3><div class=\"gutentor-post-desc\">+13,4 % Preissteigerung, Mengen sindseit 2021 \u00f6sterreichweit stabil\n\n\n\nDer Einfamilienhausmarkt hatt&hellip;<\/div><\/div> <a class=\"gutentor-link\" href=\"https:\/\/t-finanz.at\/?p=123\"  rel=\"noopener noreferrer\"><\/a><\/div><\/div><\/article><\/div><\/div><\/div><div class='grid-lg-4 grid-md-4 grid-12'><article class='gutentor-post gtf-item-wrap gutentor-post-item-3 gtf-item-3'><div class='gutentor-post-item gtf-item'><div class='gutentor-bg-image gtf-bg-image gutentor-post-height gtf-item-height gutentor-overlay g-overlay g-link-enabled  g-pos-bottom-cont-m g-pos-bottom-cont-t g-pos-bottom-cont-d' style=\"background-image:url(https:\/\/t-finanz.at\/wp-content\/uploads\/2022\/07\/AdobeStock_238450622.jpeg)\"><div class=\"gutentor-post-content gtf-content\"><div class=\"gutentor-entry-meta gutentor-entry-meta-primary\"><\/div><h3 class=\"gutentor-post-title\"><a href=\"https:\/\/t-finanz.at\/?p=128\" rel=\"bookmark\">Immobilienmarkt 2. Halbjahr 2022<\/a><\/h3><div class=\"gutentor-post-desc\">TRENDS UND FAKTEN\n\n\n\nEine genaue Prognose abzugeben, wie sich der Markt entwickeln wird, ist nahezu &hellip;<\/div><\/div> <a class=\"gutentor-link\" href=\"https:\/\/t-finanz.at\/?p=128\"  rel=\"noopener noreferrer\"><\/a><\/div><\/div><\/article><\/div><\/div><\/div><\/section>","protected":false},"excerpt":{"rendered":"","protected":false},"author":1,"featured_media":0,"parent":0,"menu_order":0,"comment_status":"closed","ping_status":"open","template":"","meta":{"_coblocks_attr":"","_coblocks_dimensions":"","_coblocks_responsive_height":"","_coblocks_accordion_ie_support":"","_uag_custom_page_level_css":"","neve_meta_sidebar":"","neve_meta_container":"full-width","neve_meta_enable_content_width":"","neve_meta_content_width":0,"neve_meta_title_alignment":"","neve_meta_author_avatar":"","neve_post_elements_order":"","neve_meta_disable_header":"","neve_meta_disable_footer":"","neve_meta_disable_title":"on","_themeisle_gutenberg_block_has_review":false,"footnotes":""},"class_list":["post-2","page","type-page","status-publish","hentry"],"uagb_featured_image_src":{"full":false,"thumbnail":false,"medium":false,"medium_large":false,"large":false,"1536x1536":false,"2048x2048":false,"neve-blog":false},"uagb_author_info":{"display_name":"admin","author_link":"https:\/\/t-finanz.at\/?author=1"},"uagb_comment_info":0,"uagb_excerpt":null,"_links":{"self":[{"href":"https:\/\/t-finanz.at\/index.php?rest_route=\/wp\/v2\/pages\/2","targetHints":{"allow":["GET"]}}],"collection":[{"href":"https:\/\/t-finanz.at\/index.php?rest_route=\/wp\/v2\/pages"}],"about":[{"href":"https:\/\/t-finanz.at\/index.php?rest_route=\/wp\/v2\/types\/page"}],"author":[{"embeddable":true,"href":"https:\/\/t-finanz.at\/index.php?rest_route=\/wp\/v2\/users\/1"}],"replies":[{"embeddable":true,"href":"https:\/\/t-finanz.at\/index.php?rest_route=%2Fwp%2Fv2%2Fcomments&post=2"}],"version-history":[{"count":15,"href":"https:\/\/t-finanz.at\/index.php?rest_route=\/wp\/v2\/pages\/2\/revisions"}],"predecessor-version":[{"id":136,"href":"https:\/\/t-finanz.at\/index.php?rest_route=\/wp\/v2\/pages\/2\/revisions\/136"}],"wp:attachment":[{"href":"https:\/\/t-finanz.at\/index.php?rest_route=%2Fwp%2Fv2%2Fmedia&parent=2"}],"curies":[{"name":"wp","href":"https:\/\/api.w.org\/{rel}","templated":true}]}}